{"id":30611,"date":"2020-10-15T18:52:30","date_gmt":"2020-10-15T16:52:30","guid":{"rendered":"https:\/\/cc-wohnkultur.de\/?page_id=30611"},"modified":"2020-10-15T18:55:20","modified_gmt":"2020-10-15T16:55:20","slug":"agb","status":"publish","type":"page","link":"https:\/\/cc-wohnkultur.de\/index.php\/agb\/","title":{"rendered":"AGB"},"content":{"rendered":"\n<p>Allgemeine Gesch\u00e4ftsbedingungen Vertr\u00e4ge kommen mit der ausdr\u00fccklichen Erkl\u00e4rung der Kaufabsicht des K\u00e4ufers durch Annahme eines Angebotes von CC-Wohnkultur, H\u00f6henstr.34,72213 Altensteig Hornberg zustande Im ausgewiesenen Rechnungsbetrag ist gem\u00e4\u00df \u00a7 19 UStG keine Umsatzsteuer enthalten. Widerrufsbelehrung Widerrufsrecht: Sie haben das Recht, binnen vierzehn Tagen ohne Angabe von Gr\u00fcnden diesen Vertrag zu widerrufen. Die Widerrufsfrist betr\u00e4gt vierzehn Tage ab dem Tag an dem Sie oder ein von Ihnen benannter Dritter, der nicht der Bef\u00f6rderer ist, die Waren in Besitz genommen haben bzw. hat. Um Ihr Widerrufsrecht auszu\u00fcben, m\u00fcssen Sie CC-Wohnkultur, H\u00f6henstr.34 in 72213 Altensteig, E-Mail-Adresse: info@cc-wohnkultur.de mittels einer eindeutigen Erkl\u00e4rung (z.B. ein mit der Post versandter Brief, E-Mail oder telefonisch) \u00fcber Ihren Entschluss, diesen Vertrag zu widerrufen, informieren. Sie k\u00f6nnen daf\u00fcr das beigef\u00fcgte Muster-Widerrufsformular verwenden, das jedoch nicht vorgeschrieben ist. Machen Sie von dieser M\u00f6glichkeit Gebrauch, so werden wir Ihnen unverz\u00fcglich per E-Mail eine Best\u00e4tigung \u00fcber den Eingang eines solchen Widerrufs \u00fcbermitteln. Zur Wahrung der Widerrufsfrist reicht es aus, dass Sie die Mitteilung \u00fcber die Aus\u00fcbung des Widerrufsrechts vor Ablauf der Widerrufsfrist absenden. Folgen des Widerrufs: Wenn Sie diesen Vertrag widerrufen, haben wir Ihnen alle Zahlungen, die wir von Ihnen erhalten haben, einschlie\u00dflich der Lieferkosten (mit Ausnahme der zus\u00e4tzlichen Kosten, die sich daraus ergeben, dass Sie eine andere Art der Lieferung als die von uns angebotene, g\u00fcnstige Standardlieferung gew\u00e4hlt haben), unverz\u00fcglich und sp\u00e4testens binnen vierzehn Tagen ab dem Tag zur\u00fcckzuzahlen, an dem die Mitteilung \u00fcber Ihren Widerruf dieses Vertrags bei uns eingegangen ist. F\u00fcr diese R\u00fcckzahlung verwenden wir dasselbe Zahlungsmittel, das Sie bei der urspr\u00fcnglichen Transaktion eingesetzt haben, es sei denn, mit Ihnen wurde ausdr\u00fccklich etwas anderes vereinbart; in keinem Fall werden Ihnen wegen dieser R\u00fcckzahlung Entgelte berechnet. Wir k\u00f6nnen die R\u00fcckzahlung verweigern, bis wir die Waren wieder zur\u00fcckerhalten haben oder bis Sie den Nachweis erbracht haben, dass Sie die Waren zur\u00fcckgesandt haben, je nachdem, welches der fr\u00fchere Zeitpunkt ist. Sie haben die Waren unverz\u00fcglich und in jedem Fall sp\u00e4testens binnen vierzehn Tagen ab dem Tag, an dem Sie uns \u00fcber den Widerruf dieses Vertrages unterrichten, an uns zur\u00fcckzusenden oder zu \u00fcbergeben. Die Frist ist gewahrt, wenn Sie die Waren vor Ablauf der Frist von vierzehn Tagen absenden. Sie tragen die unmittelbaren Kosten der R\u00fccksendung der Waren. Sie m\u00fcssen f\u00fcr einen etwaigen Wertverlust der Waren nur aufkommen, wenn dieser Wertverlust auf einen zur Pr\u00fcfung der Beschaffenheit, Eigenschaften und Funktionsweise der Waren nicht notwendigen Umgang mit ihnen zur\u00fcckzuf\u00fchren ist. Ende der Widerrufsbelehrung Ausgeschlossen vom Widerrufsrecht sind Artikel, welche &#8211; gem\u00e4\u00df \u00a7 312g Abs.2 BGB \u2013 nach Kundenspezifikationen angefertigt wurden. Bei Stornierung eines individuellen Produkt, bei der CC-Wohnkultur bereits einen Entwurf hergestellt hat berechnen wir 15,00\u20ac Aufwandsentsch\u00e4digung. Dies gilt ab dem Zeitpunkt der Kundenbest\u00e4tigung was die Richtigkeit des Entwurfes angeht. CC-Wohnkultur verschickt nach dieser Kundenbest\u00e4tigung die Zahlungsdetails somit kam der Vertrag zustande.<\/p>\n","protected":false},"excerpt":{"rendered":"<p>Allgemeine Gesch\u00e4ftsbedingungen Vertr\u00e4ge kommen mit der ausdr\u00fccklichen Erkl\u00e4rung der Kaufabsicht des K\u00e4ufers durch Annahme eines Angebotes von CC-Wohnkultur, H\u00f6henstr.34,72213 Altensteig Hornberg zustande Im ausgewiesenen Rechnungsbetrag ist gem\u00e4\u00df \u00a7 19 UStG keine Umsatzsteuer enthalten. Widerrufsbelehrung Widerrufsrecht: Sie haben das Recht, binnen vierzehn Tagen ohne Angabe von Gr\u00fcnden diesen Vertrag zu widerrufen. Die Widerrufsfrist betr\u00e4gt vierzehn Tage [&hellip;]<\/p>\n","protected":false},"author":1,"featured_media":0,"parent":0,"menu_order":0,"comment_status":"closed","ping_status":"closed","template":"","meta":{"_et_pb_use_builder":"off","_et_pb_old_content":"","_et_gb_content_width":""},"_links":{"self":[{"href":"https:\/\/cc-wohnkultur.de\/index.php\/wp-json\/wp\/v2\/pages\/30611"}],"collection":[{"href":"https:\/\/cc-wohnkultur.de\/index.php\/wp-json\/wp\/v2\/pages"}],"about":[{"href":"https:\/\/cc-wohnkultur.de\/index.php\/wp-json\/wp\/v2\/types\/page"}],"author":[{"embeddable":true,"href":"https:\/\/cc-wohnkultur.de\/index.php\/wp-json\/wp\/v2\/users\/1"}],"replies":[{"embeddable":true,"href":"https:\/\/cc-wohnkultur.de\/index.php\/wp-json\/wp\/v2\/comments?post=30611"}],"version-history":[{"count":0,"href":"https:\/\/cc-wohnkultur.de\/index.php\/wp-json\/wp\/v2\/pages\/30611\/revisions"}],"wp:attachment":[{"href":"https:\/\/cc-wohnkultur.de\/index.php\/wp-json\/wp\/v2\/media?parent=30611"}],"curies":[{"name":"wp","href":"https:\/\/api.w.org\/{rel}","templated":true}]}}