{"id":30603,"date":"2020-10-15T18:37:27","date_gmt":"2020-10-15T16:37:27","guid":{"rendered":"https:\/\/cc-wohnkultur.de\/?page_id=30603"},"modified":"2020-10-15T18:57:11","modified_gmt":"2020-10-15T16:57:11","slug":"das-solltest-du-wissen","status":"publish","type":"page","link":"https:\/\/cc-wohnkultur.de\/index.php\/das-solltest-du-wissen\/","title":{"rendered":"Das solltest du wissen!"},"content":{"rendered":"\n<p>Ich verarbeite Kiefer Holz das ich vom S\u00e4gewerk hier im Schwarzwald beziehe.<br>Das Holz wurde fachgerecht getrocknet und gelagert. Als naturgewachsener Werkstoff reagiert Holz auf Temperatur und besonders auf Feuchtigkeitsschwankungen mit Quellen, Verziehen oder Rei\u00dfen. Kurz gesagt: es arbeitet. Tr\u00e4gt man einen Schutzlack auf die obere Schicht des Holzes auf, minimiert man so den Feuchtigkeitsaustausch und damit die starke Beanspruchung.<\/p>\n\n\n\n<p><\/p>\n\n\n\n<p>Unterschiedliche Maserung sowie Ver\u00e4stlungen sind bei einem Naturprodukt wie Holz selbstverst\u00e4ndlich. Wenn du keine Ver\u00e4stlung in deinem St\u00fcck haben m\u00f6chtest gib mir bitte im Voraus bescheid dann werde ich dies beim s\u00e4gen ber\u00fccksichtigen.<\/p>\n\n\n\n<p>Bitte kontrolliere die Ware sofort nach Erhalt sp\u00e4tere Reklamationen kann ich leider nicht ber\u00fccksichtigen. <\/p>\n\n\n\n<p><\/p>\n\n\n\n<p>Du hast Interesse an einem Produkt von CC-Wohnkultur. In den Alben findest Du unsere Artikel mit Gr\u00f6\u00dfe und Preis. Gerne stellen wir Dir Dein Unikat nach deinen W\u00fcnschen her&#8230; nichts ist unm\u00f6glich <img loading=\"lazy\" height=\"16\" width=\"16\" alt=\"\ud83d\ude09\" src=\"https:\/\/static.xx.fbcdn.net\/images\/emoji.php\/v9\/t57\/1\/16\/1f609.png\"> Da ich f\u00fcr die Abwicklung einer Bestellung pers\u00f6nliche Daten ben\u00f6tigen ist es mir wichtig Dich zu informieren. Welche Daten brauche ich und wof\u00fcr?- um Dir deine Bestellung zusenden zu k\u00f6nnen ben\u00f6tige ich Deinen vollst\u00e4ndigen Namen und deine Adresse- Ich erstelle eine Ordentliche Rechnung mit Deinem Namen und Deiner Adresse- Deine Email Adresse, Deinen Facebook Namen\/Account um mit dir zu kommunizieren- evtl. Deine Telefonnummer bei telefonischer Bestellung f\u00fcr R\u00fcckfragen. Welche Daten werden gespeichert?- Deine Adresse wird in meinem Rechnungsprogramm gespeichert. Wenn Du dies nicht m\u00f6chtest stelle ich Dir gerne eine Rechnung ohne Deine Daten aus.- Deine Bankverbindung, Name ( da \u00dcberweisung per Vorkasse) erscheint auf meinem Kontoauszug-Deine IP Adresse wird bei online Kommunikation automatisch \u00fcbermittelt. &#8211; Email Verlauf bzw. Chatverlauf ( Facebook Messenger) wenn L\u00f6schung erw\u00fcnscht lass es mich wissen Bildrechte zu pers\u00f6nlichen Schriftz\u00fcgen Sicher wurde Dein Interesse an meinen Produkten durch ein Bild auf meiner Facebook Seite, Homepage&#8230; geweckt. Aus diesem Grund ver\u00f6ffentliche ich meine Werke. Auch hier ist es mir wichtig Deine Daten zu sch\u00fctzen! Deshalb: werden nur nicht Personenbezogene Bilder Ver\u00f6ffentlicht ( Vornamen)Sobald ein Schriftzug mehr wie ein Vorname\/ Nachname beinhaltet werde ich es ohne Deine Einverst\u00e4ndnis nicht Ver\u00f6ffentlichen. Personalisierte Sonderanfertigungen sind vom Umtausch ausgeschlossen! Bezahlung: \u00dcberweisung per Vorkasse innerhalb 7 Werktage nach Bestellung. Versand nur innerhalb Deutschland! Lieferzeit: Variiert je nach Auftragslage meist zw. 2-4 Wochen. Ungef\u00e4hre Lieferzeit geben wir Dir bei der Bestellung bekannt.<\/p>\n","protected":false},"excerpt":{"rendered":"<p>Ich verarbeite Kiefer Holz das ich vom S\u00e4gewerk hier im Schwarzwald beziehe.Das Holz wurde fachgerecht getrocknet und gelagert. Als naturgewachsener Werkstoff reagiert Holz auf Temperatur und besonders auf Feuchtigkeitsschwankungen mit Quellen, Verziehen oder Rei\u00dfen. Kurz gesagt: es arbeitet. Tr\u00e4gt man einen Schutzlack auf die obere Schicht des Holzes auf, minimiert man so den Feuchtigkeitsaustausch und [&hellip;]<\/p>\n","protected":false},"author":1,"featured_media":0,"parent":0,"menu_order":0,"comment_status":"closed","ping_status":"closed","template":"","meta":{"_et_pb_use_builder":"off","_et_pb_old_content":"","_et_gb_content_width":""},"_links":{"self":[{"href":"https:\/\/cc-wohnkultur.de\/index.php\/wp-json\/wp\/v2\/pages\/30603"}],"collection":[{"href":"https:\/\/cc-wohnkultur.de\/index.php\/wp-json\/wp\/v2\/pages"}],"about":[{"href":"https:\/\/cc-wohnkultur.de\/index.php\/wp-json\/wp\/v2\/types\/page"}],"author":[{"embeddable":true,"href":"https:\/\/cc-wohnkultur.de\/index.php\/wp-json\/wp\/v2\/users\/1"}],"replies":[{"embeddable":true,"href":"https:\/\/cc-wohnkultur.de\/index.php\/wp-json\/wp\/v2\/comments?post=30603"}],"version-history":[{"count":0,"href":"https:\/\/cc-wohnkultur.de\/index.php\/wp-json\/wp\/v2\/pages\/30603\/revisions"}],"wp:attachment":[{"href":"https:\/\/cc-wohnkultur.de\/index.php\/wp-json\/wp\/v2\/media?parent=30603"}],"curies":[{"name":"wp","href":"https:\/\/api.w.org\/{rel}","templated":true}]}}